{"id":104,"date":"2014-06-11T10:16:08","date_gmt":"2014-06-11T08:16:08","guid":{"rendered":"http:\/\/www.atelierpetitsplats.com\/cours-cuisine-pau\/?page_id=104"},"modified":"2026-03-08T22:16:37","modified_gmt":"2026-03-08T21:16:37","slug":"tarifs-3","status":"publish","type":"page","link":"https:\/\/www.atelierpetitsplats.com\/cours-cuisine-pau\/tarifs-3\/","title":{"rendered":"Tarifs &#038; Location"},"content":{"rendered":"<p style=\"text-align: center;\"><a href=\"https:\/\/www.atelierpetitsplats.com\/cours-cuisine-pau\/wp-content\/uploads\/2014\/06\/IMG_09011200px_cours_cuisine_pau1.jpg\" target=\"_blank\" rel=\"noopener\" rel=\"wp-prettyPhoto[104]\"><img loading=\"lazy\" decoding=\"async\" class=\"alignnone wp-image-500\" src=\"https:\/\/www.atelierpetitsplats.com\/cours-cuisine-pau\/wp-content\/uploads\/2014\/06\/IMG_09011200px_cours_cuisine_pau1-1024x682.jpg\" alt=\"IMG_09011200px_cours_cuisine_pau\" width=\"200\" height=\"133\" srcset=\"https:\/\/www.atelierpetitsplats.com\/cours-cuisine-pau\/wp-content\/uploads\/2014\/06\/IMG_09011200px_cours_cuisine_pau1-1024x682.jpg 1024w, https:\/\/www.atelierpetitsplats.com\/cours-cuisine-pau\/wp-content\/uploads\/2014\/06\/IMG_09011200px_cours_cuisine_pau1-300x200.jpg 300w, https:\/\/www.atelierpetitsplats.com\/cours-cuisine-pau\/wp-content\/uploads\/2014\/06\/IMG_09011200px_cours_cuisine_pau1.jpg 1200w\" sizes=\"auto, (max-width: 200px) 100vw, 200px\" \/><\/a><\/p>\n<h4 style=\"text-align: center;\">Vous avez la Possibilit\u00e9 de louer l&rsquo;Atelier pour vos r\u00e9unions d\u2019entreprise (vid\u00e9oprojecteur disponible)<\/h4>\n<h4 style=\"text-align: center;\">Pour toute demande, contactez-nous au 06 61 38 19 03<\/h4>\n<p style=\"text-align: center;\"><em>Pour les Ateliers, pensez \u00e0 amener une boite pour emporter <\/em><strong><em>une part<\/em><\/strong><em> de vos\u00a0cr\u00e9ations\u00a0<\/em><em>\u00a0<\/em><\/p>\n<div class=\"clear\"><\/div><div class=\"tabs-wrapper\"><ul class=\"tabs\"><li><a href=\"javascript:void(0)\" class=\"defaulttab\" id=\"tab-1\"><span>Enfants<\/span><\/a><\/li><li><a href=\"javascript:void(0)\" id=\"tab-2\"><span>Ados<\/span><\/a><\/li><li><a href=\"javascript:void(0)\" id=\"tab-3\"><span>Ap\u00e9ritif dinatoire<\/span><\/a><\/li><li><a href=\"javascript:void(0)\" id=\"tab-4\"><span>Cuisine du Monde<\/span><\/a><\/li><li><a href=\"javascript:void(0)\" id=\"tab-5\"><span>Cuisine de f\u00eates<\/span><\/a><\/li><li><a href=\"javascript:void(0)\" id=\"tab-6\"><span>P\u00e2tisserie<\/span><\/a><\/li><li><a href=\"javascript:void(0)\" id=\"tab-7\"><span>Macarons et B\u00fbches de No\u00ebl<\/span><\/a><\/li><\/ul><div class=\"tab-content\" id=\"tab-1-content\"><div class=\"tabs-inner-padding\"><h4 class=\"tabs-inner-padding\">Tarifs cours de cuisine \u00e0 Pau pour les Enfants \u00e0 partir de 6 ans :<\/h4>\n<p class=\"tabs-inner-padding\"><a href=\"https:\/\/www.atelierpetitsplats.com\/cours-cuisine-pau\/wp-content\/uploads\/2014\/06\/15e.jpg\" rel=\"wp-prettyPhoto&#091;104&#093;\"><img loading=\"lazy\" decoding=\"async\" class=\"alignleft wp-image-2513\" src=\"https:\/\/www.atelierpetitsplats.com\/cours-cuisine-pau\/wp-content\/uploads\/2014\/06\/15e-300x300.jpg\" alt=\"\" width=\"220\" height=\"220\" srcset=\"https:\/\/www.atelierpetitsplats.com\/cours-cuisine-pau\/wp-content\/uploads\/2014\/06\/15e-300x300.jpg 300w, https:\/\/www.atelierpetitsplats.com\/cours-cuisine-pau\/wp-content\/uploads\/2014\/06\/15e-150x150.jpg 150w, https:\/\/www.atelierpetitsplats.com\/cours-cuisine-pau\/wp-content\/uploads\/2014\/06\/15e.jpg 709w\" sizes=\"auto, (max-width: 220px) 100vw, 220px\" \/><\/a><\/p>\n\n<ul class=\"list-8\">\n<li>Dur\u00e9e 1h30 \u00e0 2h<\/li>\n<\/ul>\n<p>Les cours sont aussi fait pour les anniversaires<\/p>\n\n<p>Parce que le plaisir de cuisiner s&rsquo;appr\u00e9cie \u00e0 tout \u00e2ge, les mercredis et pendant les vacances scolaires.<\/p>\n<p style=\"text-align: justify;\">Les petits marmitons en herbe p\u00e8sent, fouettent, battent les ingr\u00e9dients pour pr\u00e9parer toutes sortes de choses sucr\u00e9s sal\u00e9s recettes simples \u00e0 refaire \u00e0 la maison.<\/p>\n<p>Ateliers amusants !<\/p><\/div><\/div><div class=\"tab-content\" id=\"tab-2-content\"><div class=\"tabs-inner-padding\"><div class=\"tabs-inner-padding\">\n<h4>Tarifs cours de cuisine \u00e0 Pau pour les Ados de 12 \u00e0 18 ans :<\/h4>\n<h4><a href=\"https:\/\/www.atelierpetitsplats.com\/cours-cuisine-pau\/wp-content\/uploads\/2014\/06\/20e.jpg\" rel=\"wp-prettyPhoto&#091;104&#093;\"><img loading=\"lazy\" decoding=\"async\" class=\"alignleft wp-image-3427\" src=\"https:\/\/www.atelierpetitsplats.com\/cours-cuisine-pau\/wp-content\/uploads\/2014\/06\/20e-150x150.jpg\" alt=\"\" width=\"220\" height=\"220\" srcset=\"https:\/\/www.atelierpetitsplats.com\/cours-cuisine-pau\/wp-content\/uploads\/2014\/06\/20e-150x150.jpg 150w, https:\/\/www.atelierpetitsplats.com\/cours-cuisine-pau\/wp-content\/uploads\/2014\/06\/20e-300x300.jpg 300w, https:\/\/www.atelierpetitsplats.com\/cours-cuisine-pau\/wp-content\/uploads\/2014\/06\/20e.jpg 709w\" sizes=\"auto, (max-width: 220px) 100vw, 220px\" \/><\/a><\/h4>\n<p style=\"display: inline !important;\">\n<ul class=\"list-1\">\n<li>\u00a08 personnes maximum<\/li>\n<\/ul>\n\n\n<ul class=\"list-8\">\n<li>Dur\u00e9e 1h30 \u00e0 2h<\/li>\n<\/ul>\n\n<p style=\"text-align: justify;\">Essayer de revisiter les classiques hamburger, p\u00e2tes, pizza, partager un moment entres copains et\u00a0\u00eatre fier des cr\u00e9ations qu\u2019ils pourront facilement refaire\u00a0chez eux.<\/p>\n<\/div><\/div><\/div><div class=\"tab-content\" id=\"tab-3-content\"><div class=\"tabs-inner-padding\"><div class=\"tabs-inner-padding\">\n<h4>Tarifs cours de cuisine \u00e0 Pau pour concocter des ap\u00e9ritifs d\u00eenatoires<\/h4>\n<p><a href=\"https:\/\/www.atelierpetitsplats.com\/cours-cuisine-pau\/wp-content\/uploads\/2014\/06\/30e.jpg\" rel=\"wp-prettyPhoto&#091;104&#093;\"><img loading=\"lazy\" decoding=\"async\" class=\"alignleft wp-image-3456\" src=\"https:\/\/www.atelierpetitsplats.com\/cours-cuisine-pau\/wp-content\/uploads\/2014\/06\/30e-150x150.jpg\" alt=\"\" width=\"220\" height=\"220\" srcset=\"https:\/\/www.atelierpetitsplats.com\/cours-cuisine-pau\/wp-content\/uploads\/2014\/06\/30e-150x150.jpg 150w, https:\/\/www.atelierpetitsplats.com\/cours-cuisine-pau\/wp-content\/uploads\/2014\/06\/30e-300x300.jpg 300w, https:\/\/www.atelierpetitsplats.com\/cours-cuisine-pau\/wp-content\/uploads\/2014\/06\/30e.jpg 709w\" sizes=\"auto, (max-width: 220px) 100vw, 220px\" \/><\/a><\/p>\n\n<ul class=\"list-1\">\n<li>\u00a08 personnes maximum<\/li>\n<\/ul>\n\n<ul class=\"list-8\">\n<li>Dur\u00e9e 1h30 \u00e0 2h<\/li>\n<\/ul>\n\n<p style=\"text-align: justify;\">Quoi de plus convivial que ce moment o\u00f9 l&rsquo;on se\u00a0retrouve autour d\u2019un verre et surtout de bonnes choses \u00e0 d\u00e9guster, oubliez les cacahu\u00e8tes, l\u2019ap\u00e9ritif est votre nouvel espace de cr\u00e9ativit\u00e9. A vous de proposer une multitudes de petites choses \u00e0 d\u00e9guster : des feuillet\u00e9s, verrines sal\u00e9es, sucr\u00e9es et rendez vos ap\u00e9ros inoubliables.<\/p>\n<p style=\"text-align: justify;\">R\u00e9ussissez \u00e0 coup s\u00fbr votre ap\u00e9ritif d\u00eenatoire !<\/p>\n<\/div><\/div><\/div><div class=\"tab-content\" id=\"tab-4-content\"><div class=\"tabs-inner-padding\"><h4 class=\"tabs-inner-padding\">Tarifs cours de cuisine \u00e0 Pau pour cuisine du monde\u00a0:<\/h4>\n<p class=\"tabs-inner-padding\"><a href=\"https:\/\/www.atelierpetitsplats.com\/cours-cuisine-pau\/wp-content\/uploads\/2014\/06\/30e.jpg\" rel=\"wp-prettyPhoto&#091;104&#093;\"><img loading=\"lazy\" decoding=\"async\" class=\"alignleft wp-image-3456\" src=\"https:\/\/www.atelierpetitsplats.com\/cours-cuisine-pau\/wp-content\/uploads\/2014\/06\/30e-150x150.jpg\" alt=\"\" width=\"220\" height=\"220\" srcset=\"https:\/\/www.atelierpetitsplats.com\/cours-cuisine-pau\/wp-content\/uploads\/2014\/06\/30e-150x150.jpg 150w, https:\/\/www.atelierpetitsplats.com\/cours-cuisine-pau\/wp-content\/uploads\/2014\/06\/30e-300x300.jpg 300w, https:\/\/www.atelierpetitsplats.com\/cours-cuisine-pau\/wp-content\/uploads\/2014\/06\/30e.jpg 709w\" sizes=\"auto, (max-width: 220px) 100vw, 220px\" \/><\/a><\/p>\n\n<ul class=\"list-1\">\n<li>\u00a08 personnes maximum<\/li>\n<\/ul>\n\n<ul class=\"list-8\">\n<li>Dur\u00e9e 1h30 \u00e0 2h<\/li>\n<li><\/li>\n<\/ul>\n<p>V\u00e9ritable invitation aux voyages, l&rsquo;Atelier Cuisine du Monde fait d\u00e9couvrir des \u00e9pices et des saveurs, du sucr\u00e9 et du sal\u00e9, les go\u00fbts de la cuisine asiatique, la richesse de la cuisine marocaine,\u00a0l&rsquo;exotisme cuisine des \u00eeles, parfums cuisine indienne&#8230;<\/p><\/div><\/div><div class=\"tab-content\" id=\"tab-5-content\"><div class=\"tabs-inner-padding\"><h4>Tarifs cours de cuisine \u00e0 Pau pour cuisine de f\u00eates\u00a0:<\/h4>\n<p><a href=\"https:\/\/www.atelierpetitsplats.com\/cours-cuisine-pau\/wp-content\/uploads\/2014\/06\/30e.jpg\" rel=\"wp-prettyPhoto&#091;104&#093;\"><img loading=\"lazy\" decoding=\"async\" class=\"alignleft wp-image-3456\" src=\"https:\/\/www.atelierpetitsplats.com\/cours-cuisine-pau\/wp-content\/uploads\/2014\/06\/30e-150x150.jpg\" alt=\"\" width=\"220\" height=\"220\" srcset=\"https:\/\/www.atelierpetitsplats.com\/cours-cuisine-pau\/wp-content\/uploads\/2014\/06\/30e-150x150.jpg 150w, https:\/\/www.atelierpetitsplats.com\/cours-cuisine-pau\/wp-content\/uploads\/2014\/06\/30e-300x300.jpg 300w, https:\/\/www.atelierpetitsplats.com\/cours-cuisine-pau\/wp-content\/uploads\/2014\/06\/30e.jpg 709w\" sizes=\"auto, (max-width: 220px) 100vw, 220px\" \/><\/a><\/p>\n\n<ul class=\"list-1\">\n<li>8 personnes maximum<\/li>\n<\/ul>\n\n<ul class=\"list-8\">\n<li>Dur\u00e9e 1h30 \u00e0 2h<\/li>\n<\/ul>\n\n<p>On aime tous la p\u00e9riode des f\u00eates, oui sauf qu\u2019il faut le reconna\u00eetre c&rsquo;est du boulot et on a pas forcement le temps. Apprendre \u00e0 cuisiner pour que la f\u00eate soit r\u00e9ussie sans avoir \u00e0 passer la journ\u00e9e en cuisine : des hu\u00eetres chaudes, des tatins de foie gras, des mignardises et verrines.<\/p><\/div><\/div><div class=\"tab-content\" id=\"tab-6-content\"><div class=\"tabs-inner-padding\"><h4>Tarifs cours de cuisine \u00e0 Pau pour p\u00e2tisserie :<\/h4>\n<p><a href=\"https:\/\/www.atelierpetitsplats.com\/cours-cuisine-pau\/wp-content\/uploads\/2014\/06\/30e.jpg\" rel=\"wp-prettyPhoto&#091;104&#093;\"><img loading=\"lazy\" decoding=\"async\" class=\"alignleft wp-image-3456\" src=\"https:\/\/www.atelierpetitsplats.com\/cours-cuisine-pau\/wp-content\/uploads\/2014\/06\/30e-150x150.jpg\" alt=\"\" width=\"220\" height=\"220\" srcset=\"https:\/\/www.atelierpetitsplats.com\/cours-cuisine-pau\/wp-content\/uploads\/2014\/06\/30e-150x150.jpg 150w, https:\/\/www.atelierpetitsplats.com\/cours-cuisine-pau\/wp-content\/uploads\/2014\/06\/30e-300x300.jpg 300w, https:\/\/www.atelierpetitsplats.com\/cours-cuisine-pau\/wp-content\/uploads\/2014\/06\/30e.jpg 709w\" sizes=\"auto, (max-width: 220px) 100vw, 220px\" \/><\/a><\/p>\n\n<ul class=\"list-1\">\n<li>\u00a08 personnes maximum<\/li>\n<\/ul>\n\n<ul class=\"list-8\">\n<li style=\"list-style-type: none;\">\n<ul class=\"list-8\">\n<li>Dur\u00e9e 1h30 \u00e0 2h<\/li>\n<\/ul>\n<\/li>\n<\/ul>\n\n\n<p>Les p\u00e2tisseries n&rsquo;auront plus de secrets pour vous, recettes simples et ludiques pour plus de gourmandise et de fantaisie, apprendre \u00e0 se servir d\u2019une poche \u00e0 douille, utiliser de la g\u00e9latine, faire une meringue italienne, une p\u00e2te \u00e0 tarte, p\u00e2te \u00e0 choux( sucr\u00e9 ou sal\u00e9).<\/p><\/div><\/div><div class=\"tab-content\" id=\"tab-7-content\"><div class=\"tabs-inner-padding\"><h4>Tarifs cours de cuisine \u00e0 Pau pour macarons et b\u00fbches de No\u00ebl :<\/h4>\n<p><a href=\"https:\/\/www.atelierpetitsplats.com\/cours-cuisine-pau\/wp-content\/uploads\/2014\/06\/40e1.jpg\" rel=\"wp-prettyPhoto&#091;104&#093;\"><img loading=\"lazy\" decoding=\"async\" class=\"alignleft wp-image-3498\" src=\"https:\/\/www.atelierpetitsplats.com\/cours-cuisine-pau\/wp-content\/uploads\/2014\/06\/40e1-300x300.jpg\" alt=\"\" width=\"220\" height=\"220\" srcset=\"https:\/\/www.atelierpetitsplats.com\/cours-cuisine-pau\/wp-content\/uploads\/2014\/06\/40e1-300x300.jpg 300w, https:\/\/www.atelierpetitsplats.com\/cours-cuisine-pau\/wp-content\/uploads\/2014\/06\/40e1-150x150.jpg 150w, https:\/\/www.atelierpetitsplats.com\/cours-cuisine-pau\/wp-content\/uploads\/2014\/06\/40e1.jpg 709w\" sizes=\"auto, (max-width: 220px) 100vw, 220px\" \/><\/a><\/p>\n\n<ul class=\"list-1\">\n<li>\u00a08 personnes maximum<\/li>\n<\/ul>\n\n<ul class=\"list-1\">\n<li>Dur\u00e9e 1h30 \u00e0 2h<\/li>\n<\/ul>\n\n\n<p>Apprenez \u00e0 confectionner des macarons : myrtille, chocolat, framboise, citron&#8230;<br \/>Venez vous exercer pour r\u00e9aliser votre b\u00fbche de No\u00ebl et impressionner vos convives.<\/p><\/div><\/div><\/div><!-- tabs-wrapper end --><div class=\"clear\"><\/div>\n<p><a href=\"https:\/\/www.atelierpetitsplats.com\/cours-cuisine-pau\/wp-content\/uploads\/2026\/03\/IMG_6089-scaled.jpeg\" rel=\"wp-prettyPhoto[104]\"><img loading=\"lazy\" decoding=\"async\" class=\"aligncenter size-medium wp-image-3820\" src=\"https:\/\/www.atelierpetitsplats.com\/cours-cuisine-pau\/wp-content\/uploads\/2026\/03\/IMG_6089-300x225.jpeg\" alt=\"\" width=\"300\" height=\"225\" srcset=\"https:\/\/www.atelierpetitsplats.com\/cours-cuisine-pau\/wp-content\/uploads\/2026\/03\/IMG_6089-300x225.jpeg 300w, https:\/\/www.atelierpetitsplats.com\/cours-cuisine-pau\/wp-content\/uploads\/2026\/03\/IMG_6089-1024x768.jpeg 1024w, https:\/\/www.atelierpetitsplats.com\/cours-cuisine-pau\/wp-content\/uploads\/2026\/03\/IMG_6089-768x576.jpeg 768w, https:\/\/www.atelierpetitsplats.com\/cours-cuisine-pau\/wp-content\/uploads\/2026\/03\/IMG_6089-1536x1152.jpeg 1536w, https:\/\/www.atelierpetitsplats.com\/cours-cuisine-pau\/wp-content\/uploads\/2026\/03\/IMG_6089-2048x1536.jpeg 2048w\" sizes=\"auto, (max-width: 300px) 100vw, 300px\" \/><\/a><\/p>\n\n\n<p><\/p>\n","protected":false},"excerpt":{"rendered":"<p>Vous avez la Possibilit\u00e9 de louer l&rsquo;Atelier pour vos r\u00e9unions d\u2019entreprise (vid\u00e9oprojecteur disponible) Pour toute demande, contactez-nous au 06 61 38 19 03 Pour les Ateliers, pensez \u00e0 amener une boite pour emporter une part de vos\u00a0cr\u00e9ations\u00a0\u00a0<\/p>\n","protected":false},"author":12,"featured_media":0,"parent":0,"menu_order":0,"comment_status":"open","ping_status":"open","template":"page-FullWidth.php","meta":{"footnotes":""},"class_list":["post-104","page","type-page","status-publish","hentry"],"yoast_head":"<!-- This site is optimized with the Yoast SEO plugin v24.0 - https:\/\/yoast.com\/wordpress\/plugins\/seo\/ -->\n<title>Tarifs &amp; Location - Cours de Cuisine - Pau<\/title>\n<meta name=\"robots\" content=\"index, follow, max-snippet:-1, max-image-preview:large, max-video-preview:-1\" \/>\n<link rel=\"canonical\" href=\"https:\/\/www.atelierpetitsplats.com\/cours-cuisine-pau\/tarifs-3\/\" \/>\n<meta property=\"og:locale\" content=\"fr_FR\" \/>\n<meta property=\"og:type\" content=\"article\" \/>\n<meta property=\"og:title\" content=\"Tarifs &amp; Location - Cours de Cuisine - Pau\" \/>\n<meta property=\"og:description\" content=\"Vous avez la Possibilit\u00e9 de louer l&rsquo;Atelier pour vos r\u00e9unions d\u2019entreprise (vid\u00e9oprojecteur disponible) Pour toute demande, contactez-nous au 06 61 38 19 03 Pour les Ateliers, pensez \u00e0 amener une boite pour emporter une part de vos\u00a0cr\u00e9ations\u00a0\u00a0\" \/>\n<meta property=\"og:url\" content=\"https:\/\/www.atelierpetitsplats.com\/cours-cuisine-pau\/tarifs-3\/\" \/>\n<meta property=\"og:site_name\" content=\"Cours de Cuisine - Pau\" \/>\n<meta property=\"article:modified_time\" content=\"2026-03-08T21:16:37+00:00\" \/>\n<meta property=\"og:image\" content=\"http:\/\/www.atelierpetitsplats.com\/cours-cuisine-pau\/wp-content\/uploads\/2014\/06\/IMG_09011200px_cours_cuisine_pau1-1024x682.jpg\" \/>\n<meta name=\"twitter:label1\" content=\"Dur\u00e9e de lecture estim\u00e9e\" \/>\n\t<meta name=\"twitter:data1\" content=\"5 minutes\" \/>\n<script type=\"application\/ld+json\" class=\"yoast-schema-graph\">{\"@context\":\"https:\/\/schema.org\",\"@graph\":[{\"@type\":\"WebPage\",\"@id\":\"https:\/\/www.atelierpetitsplats.com\/cours-cuisine-pau\/tarifs-3\/\",\"url\":\"https:\/\/www.atelierpetitsplats.com\/cours-cuisine-pau\/tarifs-3\/\",\"name\":\"Tarifs & Location - Cours de Cuisine - Pau\",\"isPartOf\":{\"@id\":\"https:\/\/www.atelierpetitsplats.com\/cours-cuisine-pau\/#website\"},\"primaryImageOfPage\":{\"@id\":\"https:\/\/www.atelierpetitsplats.com\/cours-cuisine-pau\/tarifs-3\/#primaryimage\"},\"image\":{\"@id\":\"https:\/\/www.atelierpetitsplats.com\/cours-cuisine-pau\/tarifs-3\/#primaryimage\"},\"thumbnailUrl\":\"http:\/\/www.atelierpetitsplats.com\/cours-cuisine-pau\/wp-content\/uploads\/2014\/06\/IMG_09011200px_cours_cuisine_pau1-1024x682.jpg\",\"datePublished\":\"2014-06-11T08:16:08+00:00\",\"dateModified\":\"2026-03-08T21:16:37+00:00\",\"breadcrumb\":{\"@id\":\"https:\/\/www.atelierpetitsplats.com\/cours-cuisine-pau\/tarifs-3\/#breadcrumb\"},\"inLanguage\":\"fr-FR\",\"potentialAction\":[{\"@type\":\"ReadAction\",\"target\":[\"https:\/\/www.atelierpetitsplats.com\/cours-cuisine-pau\/tarifs-3\/\"]}]},{\"@type\":\"ImageObject\",\"inLanguage\":\"fr-FR\",\"@id\":\"https:\/\/www.atelierpetitsplats.com\/cours-cuisine-pau\/tarifs-3\/#primaryimage\",\"url\":\"http:\/\/www.atelierpetitsplats.com\/cours-cuisine-pau\/wp-content\/uploads\/2014\/06\/IMG_09011200px_cours_cuisine_pau1-1024x682.jpg\",\"contentUrl\":\"http:\/\/www.atelierpetitsplats.com\/cours-cuisine-pau\/wp-content\/uploads\/2014\/06\/IMG_09011200px_cours_cuisine_pau1-1024x682.jpg\"},{\"@type\":\"BreadcrumbList\",\"@id\":\"https:\/\/www.atelierpetitsplats.com\/cours-cuisine-pau\/tarifs-3\/#breadcrumb\",\"itemListElement\":[{\"@type\":\"ListItem\",\"position\":1,\"name\":\"Accueil\",\"item\":\"https:\/\/www.atelierpetitsplats.com\/cours-cuisine-pau\/\"},{\"@type\":\"ListItem\",\"position\":2,\"name\":\"Tarifs &#038; Location\"}]},{\"@type\":\"WebSite\",\"@id\":\"https:\/\/www.atelierpetitsplats.com\/cours-cuisine-pau\/#website\",\"url\":\"https:\/\/www.atelierpetitsplats.com\/cours-cuisine-pau\/\",\"name\":\"Cours de Cuisine - Pau\",\"description\":\"Atelier Petits Plats, cours de cuisine \u00e0 Pau\",\"potentialAction\":[{\"@type\":\"SearchAction\",\"target\":{\"@type\":\"EntryPoint\",\"urlTemplate\":\"https:\/\/www.atelierpetitsplats.com\/cours-cuisine-pau\/?s={search_term_string}\"},\"query-input\":{\"@type\":\"PropertyValueSpecification\",\"valueRequired\":true,\"valueName\":\"search_term_string\"}}],\"inLanguage\":\"fr-FR\"}]}<\/script>\n<!-- \/ Yoast SEO plugin. -->","yoast_head_json":{"title":"Tarifs & Location - Cours de Cuisine - Pau","robots":{"index":"index","follow":"follow","max-snippet":"max-snippet:-1","max-image-preview":"max-image-preview:large","max-video-preview":"max-video-preview:-1"},"canonical":"https:\/\/www.atelierpetitsplats.com\/cours-cuisine-pau\/tarifs-3\/","og_locale":"fr_FR","og_type":"article","og_title":"Tarifs & Location - Cours de Cuisine - Pau","og_description":"Vous avez la Possibilit\u00e9 de louer l&rsquo;Atelier pour vos r\u00e9unions d\u2019entreprise (vid\u00e9oprojecteur disponible) Pour toute demande, contactez-nous au 06 61 38 19 03 Pour les Ateliers, pensez \u00e0 amener une boite pour emporter une part de vos\u00a0cr\u00e9ations\u00a0\u00a0","og_url":"https:\/\/www.atelierpetitsplats.com\/cours-cuisine-pau\/tarifs-3\/","og_site_name":"Cours de Cuisine - Pau","article_modified_time":"2026-03-08T21:16:37+00:00","og_image":[{"url":"http:\/\/www.atelierpetitsplats.com\/cours-cuisine-pau\/wp-content\/uploads\/2014\/06\/IMG_09011200px_cours_cuisine_pau1-1024x682.jpg","type":"","width":"","height":""}],"twitter_misc":{"Dur\u00e9e de lecture estim\u00e9e":"5 minutes"},"schema":{"@context":"https:\/\/schema.org","@graph":[{"@type":"WebPage","@id":"https:\/\/www.atelierpetitsplats.com\/cours-cuisine-pau\/tarifs-3\/","url":"https:\/\/www.atelierpetitsplats.com\/cours-cuisine-pau\/tarifs-3\/","name":"Tarifs & Location - Cours de Cuisine - Pau","isPartOf":{"@id":"https:\/\/www.atelierpetitsplats.com\/cours-cuisine-pau\/#website"},"primaryImageOfPage":{"@id":"https:\/\/www.atelierpetitsplats.com\/cours-cuisine-pau\/tarifs-3\/#primaryimage"},"image":{"@id":"https:\/\/www.atelierpetitsplats.com\/cours-cuisine-pau\/tarifs-3\/#primaryimage"},"thumbnailUrl":"http:\/\/www.atelierpetitsplats.com\/cours-cuisine-pau\/wp-content\/uploads\/2014\/06\/IMG_09011200px_cours_cuisine_pau1-1024x682.jpg","datePublished":"2014-06-11T08:16:08+00:00","dateModified":"2026-03-08T21:16:37+00:00","breadcrumb":{"@id":"https:\/\/www.atelierpetitsplats.com\/cours-cuisine-pau\/tarifs-3\/#breadcrumb"},"inLanguage":"fr-FR","potentialAction":[{"@type":"ReadAction","target":["https:\/\/www.atelierpetitsplats.com\/cours-cuisine-pau\/tarifs-3\/"]}]},{"@type":"ImageObject","inLanguage":"fr-FR","@id":"https:\/\/www.atelierpetitsplats.com\/cours-cuisine-pau\/tarifs-3\/#primaryimage","url":"http:\/\/www.atelierpetitsplats.com\/cours-cuisine-pau\/wp-content\/uploads\/2014\/06\/IMG_09011200px_cours_cuisine_pau1-1024x682.jpg","contentUrl":"http:\/\/www.atelierpetitsplats.com\/cours-cuisine-pau\/wp-content\/uploads\/2014\/06\/IMG_09011200px_cours_cuisine_pau1-1024x682.jpg"},{"@type":"BreadcrumbList","@id":"https:\/\/www.atelierpetitsplats.com\/cours-cuisine-pau\/tarifs-3\/#breadcrumb","itemListElement":[{"@type":"ListItem","position":1,"name":"Accueil","item":"https:\/\/www.atelierpetitsplats.com\/cours-cuisine-pau\/"},{"@type":"ListItem","position":2,"name":"Tarifs &#038; Location"}]},{"@type":"WebSite","@id":"https:\/\/www.atelierpetitsplats.com\/cours-cuisine-pau\/#website","url":"https:\/\/www.atelierpetitsplats.com\/cours-cuisine-pau\/","name":"Cours de Cuisine - Pau","description":"Atelier Petits Plats, cours de cuisine \u00e0 Pau","potentialAction":[{"@type":"SearchAction","target":{"@type":"EntryPoint","urlTemplate":"https:\/\/www.atelierpetitsplats.com\/cours-cuisine-pau\/?s={search_term_string}"},"query-input":{"@type":"PropertyValueSpecification","valueRequired":true,"valueName":"search_term_string"}}],"inLanguage":"fr-FR"}]}},"_links":{"self":[{"href":"https:\/\/www.atelierpetitsplats.com\/cours-cuisine-pau\/wp-json\/wp\/v2\/pages\/104","targetHints":{"allow":["GET"]}}],"collection":[{"href":"https:\/\/www.atelierpetitsplats.com\/cours-cuisine-pau\/wp-json\/wp\/v2\/pages"}],"about":[{"href":"https:\/\/www.atelierpetitsplats.com\/cours-cuisine-pau\/wp-json\/wp\/v2\/types\/page"}],"author":[{"embeddable":true,"href":"https:\/\/www.atelierpetitsplats.com\/cours-cuisine-pau\/wp-json\/wp\/v2\/users\/12"}],"replies":[{"embeddable":true,"href":"https:\/\/www.atelierpetitsplats.com\/cours-cuisine-pau\/wp-json\/wp\/v2\/comments?post=104"}],"version-history":[{"count":199,"href":"https:\/\/www.atelierpetitsplats.com\/cours-cuisine-pau\/wp-json\/wp\/v2\/pages\/104\/revisions"}],"predecessor-version":[{"id":3826,"href":"https:\/\/www.atelierpetitsplats.com\/cours-cuisine-pau\/wp-json\/wp\/v2\/pages\/104\/revisions\/3826"}],"wp:attachment":[{"href":"https:\/\/www.atelierpetitsplats.com\/cours-cuisine-pau\/wp-json\/wp\/v2\/media?parent=104"}],"curies":[{"name":"wp","href":"https:\/\/api.w.org\/{rel}","templated":true}]}}