{"id":66,"date":"2014-06-09T22:15:00","date_gmt":"2014-06-09T20:15:00","guid":{"rendered":"http:\/\/www.atelierpetitsplats.com\/cours-cuisine-pau\/?page_id=66"},"modified":"2023-12-06T15:22:39","modified_gmt":"2023-12-06T14:22:39","slug":"ateliers","status":"publish","type":"page","link":"https:\/\/www.atelierpetitsplats.com\/cours-cuisine-pau\/ateliers\/","title":{"rendered":"Ateliers"},"content":{"rendered":"<p>Atelier Petits Plats vous propose diff\u00e9rents cours de cuisine ou de p\u00e2tisserie \u00a0: (sous r\u00e9serve de 4\u00a0participants min.)<\/p>\n<div class=\"clear\"><\/div><div class=\"accordion-wrapper\"><h3 class=\"accordion-toggle\"><a href=\"#\">ATELIER VACANCES<\/a><\/h3><div class=\"accordion-container\">  <div class=\"content-block\"><p>&nbsp;<\/p>\n<p>&nbsp;<\/p>\n<p>&nbsp;<\/p>\n<p>&nbsp;<\/p>\n<p>&nbsp;<\/p><\/div><\/div><!-- end accordion-container --><h3 class=\"accordion-toggle\"><a href=\"#\">ATELIER GROUPES<\/a><\/h3><div class=\"accordion-container\">  <div class=\"content-block\"><p>Pour diff\u00e9rentes occasions\u00a0:<br \/>\n\n<ul class=\"list-1\">\n<li>COMIT\u00c9 D\u2019ENTREPRISE pour vos salari\u00e9s lors de vos \u00e9v\u00e9nements de collaboration ou cours \u00e0 la demande.<\/li>\n<li>ANNIVERSAIRE pour cuisiner g\u00e2teaux et friandises \u00e0 d\u00e9guster<\/li>\n<li>ENTERREMENT DE VIE DE JEUNE FILLE\/GAR\u00c7ON envie d\u2019une id\u00e9e originale, optez pour un cours entre ami(e)s<\/li>\n<\/ul>\n\n<p><a href=\"https:\/\/www.atelierpetitsplats.com\/cours-cuisine-pau\/wp-content\/uploads\/2014\/06\/17-03-21-Corpo-WS-DELE-20-56-49.jpg\" rel=\"wp-prettyPhoto&#091;66&#093;\"><img loading=\"lazy\" decoding=\"async\" class=\"alignnone size-medium wp-image-2251\" src=\"https:\/\/www.atelierpetitsplats.com\/cours-cuisine-pau\/wp-content\/uploads\/2014\/06\/17-03-21-Corpo-WS-DELE-20-56-49-300x200.jpg\" alt=\"17-03-21-Corpo-WS-DELE-20-56-49\" width=\"300\" height=\"200\" srcset=\"https:\/\/www.atelierpetitsplats.com\/cours-cuisine-pau\/wp-content\/uploads\/2014\/06\/17-03-21-Corpo-WS-DELE-20-56-49-300x200.jpg 300w, https:\/\/www.atelierpetitsplats.com\/cours-cuisine-pau\/wp-content\/uploads\/2014\/06\/17-03-21-Corpo-WS-DELE-20-56-49-1024x682.jpg 1024w\" sizes=\"auto, (max-width: 300px) 100vw, 300px\" \/><\/a><\/p>\n<p>&nbsp;<\/p><\/div><\/div><!-- end accordion-container --><h3 class=\"accordion-toggle\"><a href=\"#\">ATELIER ENFANTS<\/a><\/h3><div class=\"accordion-container\">  <div class=\"content-block\"><p>Cours\u00a0de cuisine pour les enfants, \u00e0 partir de 6 ans de 1h30, le mercredi. Ils pourront apprendre \u00e0 confectionner g\u00e2teaux et plats pour \u00e9duquer leurs go\u00fbts \u00e0 de nouvelles saveurs.<a href=\"https:\/\/www.atelierpetitsplats.com\/cours-cuisine-pau\/wp-content\/uploads\/2014\/06\/IMG_0893_03.jpg\" rel=\"wp-prettyPhoto&#091;66&#093;\"><img loading=\"lazy\" decoding=\"async\" class=\"aligncenter wp-image-748 size-full\" src=\"https:\/\/www.atelierpetitsplats.com\/cours-cuisine-pau\/wp-content\/uploads\/2014\/06\/IMG_0893_03.jpg\" alt=\"IMG_0893_03\" width=\"600\" height=\"449\" srcset=\"https:\/\/www.atelierpetitsplats.com\/cours-cuisine-pau\/wp-content\/uploads\/2014\/06\/IMG_0893_03.jpg 600w, https:\/\/www.atelierpetitsplats.com\/cours-cuisine-pau\/wp-content\/uploads\/2014\/06\/IMG_0893_03-300x224.jpg 300w\" sizes=\"auto, (max-width: 600px) 100vw, 600px\" \/><\/a><\/p><\/div><\/div><!-- end accordion-container --><h3 class=\"accordion-toggle\"><a href=\"#\">ATELIER ADOS<\/a><\/h3><div class=\"accordion-container\">  <div class=\"content-block\">Cours de cuisine de 1h30 \u00e0 2h, cibl\u00e9 pour les 12\/18 ans. ils pourront apprendre \u00e0 devenir autonome gr\u00e2ce \u00e0 des petits moyens\u00a0pour \u00e9veiller leur curiosit\u00e9.<a href=\"https:\/\/www.atelierpetitsplats.com\/cours-cuisine-pau\/wp-content\/uploads\/2014\/06\/ado-3_02.jpg\" rel=\"wp-prettyPhoto&#091;66&#093;\"><img loading=\"lazy\" decoding=\"async\" class=\"aligncenter wp-image-747 size-full\" src=\"https:\/\/www.atelierpetitsplats.com\/cours-cuisine-pau\/wp-content\/uploads\/2014\/06\/ado-3_02.jpg\" alt=\"ado (3)_02\" width=\"281\" height=\"500\" srcset=\"https:\/\/www.atelierpetitsplats.com\/cours-cuisine-pau\/wp-content\/uploads\/2014\/06\/ado-3_02.jpg 281w, https:\/\/www.atelierpetitsplats.com\/cours-cuisine-pau\/wp-content\/uploads\/2014\/06\/ado-3_02-168x300.jpg 168w\" sizes=\"auto, (max-width: 281px) 100vw, 281px\" \/><\/a><\/p><\/div><\/div><!-- end accordion-container --><h3 class=\"accordion-toggle\"><a href=\"#\">ATELIER ADULTES<\/a><\/h3><div class=\"accordion-container\">  <div class=\"content-block\"><p>Plusieurs th\u00e8mes vous seront propos\u00e9s :<br \/>\n\n<ul class=\"list-7\">\n<li>D\u00c9BUTANTS pour les novices de la cuisine, ils d\u00e9couvriront des plats simples et faciles \u00e0 r\u00e9aliser.<\/li>\n<li>CUISINE DU MONDE pour voyager et tester de nouvelles saveurs.<\/li>\n<li>AP\u00c9RITIF D\u00ceNATOIRE pour partager un moment convivial entre amis autour d\u2019assortiments de verrines et de tapas.<\/li>\n<li>CUISINE DE F\u00caTES pour surprendre vos invit\u00e9s lors de diverses occasions et mijoter des produits du terroir.<\/li>\n<li>P\u00c2TISSERIE pour les gourmands et dingues de chocolat.<\/li>\n<\/ul>\n\n<p style=\"text-align: center;\"><a href=\"https:\/\/www.atelierpetitsplats.com\/cours-cuisine-pau\/wp-content\/uploads\/2014\/06\/IMG_09081200px_cours_cuisine_pau.jpg\" rel=\"wp-prettyPhoto&#091;66&#093;\"><img loading=\"lazy\" decoding=\"async\" class=\"alignnone size-medium wp-image-496\" src=\"https:\/\/www.atelierpetitsplats.com\/cours-cuisine-pau\/wp-content\/uploads\/2014\/06\/IMG_09081200px_cours_cuisine_pau-300x200.jpg\" alt=\"IMG_09081200px_cours_cuisine_pau\" width=\"300\" height=\"200\" \/><\/a><\/p><\/div><\/div><!-- end accordion-container --><\/div><!-- end accordion-wrapper --><div class=\"clear\"><\/div>\n<h2 style=\"text-align: center;\"><strong>Pour vous inscrire \u00e0 un atelier, cliquez <a href=\"https:\/\/www.atelierpetitsplats.com\/cours-cuisine-pau\/contact\/\">ici\u00a0<\/a><\/strong><\/h2>\n<p style=\"text-align: center;\"><em>Penser \u00e0 amener une boite pour emporter <em><strong>une part<\/strong> de vos\u00a0cr\u00e9ations\u00a0<\/em>\u00a0<\/em><\/p>\n<p>Si vous annulez un cours, merci de pr\u00e9venir 24 h avant par soucis d&rsquo;achat de mati\u00e8res premi\u00e8res<\/p>\n","protected":false},"excerpt":{"rendered":"<p>Atelier Petits Plats vous propose diff\u00e9rents cours de cuisine ou de p\u00e2tisserie \u00a0: (sous r\u00e9serve de 4\u00a0participants min.) Pour vous inscrire \u00e0 un atelier, cliquez ici\u00a0 Penser \u00e0 amener une boite pour emporter une part de vos\u00a0cr\u00e9ations\u00a0\u00a0 Si vous annulez un cours, merci de pr\u00e9venir 24 h [&hellip;]<\/p>\n","protected":false},"author":12,"featured_media":0,"parent":0,"menu_order":3,"comment_status":"open","ping_status":"open","template":"page-FullWidth.php","meta":{"footnotes":""},"class_list":["post-66","page","type-page","status-publish","hentry"],"yoast_head":"<!-- This site is optimized with the Yoast SEO plugin v24.0 - https:\/\/yoast.com\/wordpress\/plugins\/seo\/ -->\n<title>Ateliers - Cours de Cuisine - Pau<\/title>\n<meta name=\"robots\" content=\"index, follow, max-snippet:-1, max-image-preview:large, max-video-preview:-1\" \/>\n<link rel=\"canonical\" href=\"https:\/\/www.atelierpetitsplats.com\/cours-cuisine-pau\/ateliers\/\" \/>\n<meta property=\"og:locale\" content=\"fr_FR\" \/>\n<meta property=\"og:type\" content=\"article\" \/>\n<meta property=\"og:title\" content=\"Ateliers - Cours de Cuisine - Pau\" \/>\n<meta property=\"og:description\" content=\"Atelier Petits Plats vous propose diff\u00e9rents cours de cuisine ou de p\u00e2tisserie \u00a0: (sous r\u00e9serve de 4\u00a0participants min.) Pour vous inscrire \u00e0 un atelier, cliquez ici\u00a0 Penser \u00e0 amener une boite pour emporter une part de vos\u00a0cr\u00e9ations\u00a0\u00a0 Si vous annulez un cours, merci de pr\u00e9venir 24 h [&hellip;]\" \/>\n<meta property=\"og:url\" content=\"https:\/\/www.atelierpetitsplats.com\/cours-cuisine-pau\/ateliers\/\" \/>\n<meta property=\"og:site_name\" content=\"Cours de Cuisine - Pau\" \/>\n<meta property=\"article:modified_time\" content=\"2023-12-06T14:22:39+00:00\" \/>\n<meta property=\"og:image\" content=\"https:\/\/www.atelierpetitsplats.com\/cours-cuisine-pau\/wp-content\/uploads\/2014\/06\/DSC_2142.jpg\" \/>\n\t<meta property=\"og:image:width\" content=\"2025\" \/>\n\t<meta property=\"og:image:height\" content=\"1746\" \/>\n\t<meta property=\"og:image:type\" content=\"image\/jpeg\" \/>\n<meta name=\"twitter:label1\" content=\"Dur\u00e9e de lecture estim\u00e9e\" \/>\n\t<meta name=\"twitter:data1\" content=\"2 minutes\" \/>\n<script type=\"application\/ld+json\" class=\"yoast-schema-graph\">{\"@context\":\"https:\/\/schema.org\",\"@graph\":[{\"@type\":\"WebPage\",\"@id\":\"https:\/\/www.atelierpetitsplats.com\/cours-cuisine-pau\/ateliers\/\",\"url\":\"https:\/\/www.atelierpetitsplats.com\/cours-cuisine-pau\/ateliers\/\",\"name\":\"Ateliers - Cours de Cuisine - Pau\",\"isPartOf\":{\"@id\":\"https:\/\/www.atelierpetitsplats.com\/cours-cuisine-pau\/#website\"},\"primaryImageOfPage\":{\"@id\":\"https:\/\/www.atelierpetitsplats.com\/cours-cuisine-pau\/ateliers\/#primaryimage\"},\"image\":{\"@id\":\"https:\/\/www.atelierpetitsplats.com\/cours-cuisine-pau\/ateliers\/#primaryimage\"},\"thumbnailUrl\":\"http:\/\/www.atelierpetitsplats.com\/cours-cuisine-pau\/wp-content\/uploads\/2014\/06\/17-03-21-Corpo-WS-DELE-20-56-49-300x200.jpg\",\"datePublished\":\"2014-06-09T20:15:00+00:00\",\"dateModified\":\"2023-12-06T14:22:39+00:00\",\"breadcrumb\":{\"@id\":\"https:\/\/www.atelierpetitsplats.com\/cours-cuisine-pau\/ateliers\/#breadcrumb\"},\"inLanguage\":\"fr-FR\",\"potentialAction\":[{\"@type\":\"ReadAction\",\"target\":[\"https:\/\/www.atelierpetitsplats.com\/cours-cuisine-pau\/ateliers\/\"]}]},{\"@type\":\"ImageObject\",\"inLanguage\":\"fr-FR\",\"@id\":\"https:\/\/www.atelierpetitsplats.com\/cours-cuisine-pau\/ateliers\/#primaryimage\",\"url\":\"https:\/\/www.atelierpetitsplats.com\/cours-cuisine-pau\/wp-content\/uploads\/2014\/06\/17-03-21-Corpo-WS-DELE-20-56-49.jpg\",\"contentUrl\":\"https:\/\/www.atelierpetitsplats.com\/cours-cuisine-pau\/wp-content\/uploads\/2014\/06\/17-03-21-Corpo-WS-DELE-20-56-49.jpg\",\"width\":4000,\"height\":2667},{\"@type\":\"BreadcrumbList\",\"@id\":\"https:\/\/www.atelierpetitsplats.com\/cours-cuisine-pau\/ateliers\/#breadcrumb\",\"itemListElement\":[{\"@type\":\"ListItem\",\"position\":1,\"name\":\"Accueil\",\"item\":\"https:\/\/www.atelierpetitsplats.com\/cours-cuisine-pau\/\"},{\"@type\":\"ListItem\",\"position\":2,\"name\":\"Ateliers\"}]},{\"@type\":\"WebSite\",\"@id\":\"https:\/\/www.atelierpetitsplats.com\/cours-cuisine-pau\/#website\",\"url\":\"https:\/\/www.atelierpetitsplats.com\/cours-cuisine-pau\/\",\"name\":\"Cours de Cuisine - Pau\",\"description\":\"Atelier Petits Plats, cours de cuisine \u00e0 Pau\",\"potentialAction\":[{\"@type\":\"SearchAction\",\"target\":{\"@type\":\"EntryPoint\",\"urlTemplate\":\"https:\/\/www.atelierpetitsplats.com\/cours-cuisine-pau\/?s={search_term_string}\"},\"query-input\":{\"@type\":\"PropertyValueSpecification\",\"valueRequired\":true,\"valueName\":\"search_term_string\"}}],\"inLanguage\":\"fr-FR\"}]}<\/script>\n<!-- \/ Yoast SEO plugin. -->","yoast_head_json":{"title":"Ateliers - Cours de Cuisine - Pau","robots":{"index":"index","follow":"follow","max-snippet":"max-snippet:-1","max-image-preview":"max-image-preview:large","max-video-preview":"max-video-preview:-1"},"canonical":"https:\/\/www.atelierpetitsplats.com\/cours-cuisine-pau\/ateliers\/","og_locale":"fr_FR","og_type":"article","og_title":"Ateliers - Cours de Cuisine - Pau","og_description":"Atelier Petits Plats vous propose diff\u00e9rents cours de cuisine ou de p\u00e2tisserie \u00a0: (sous r\u00e9serve de 4\u00a0participants min.) Pour vous inscrire \u00e0 un atelier, cliquez ici\u00a0 Penser \u00e0 amener une boite pour emporter une part de vos\u00a0cr\u00e9ations\u00a0\u00a0 Si vous annulez un cours, merci de pr\u00e9venir 24 h [&hellip;]","og_url":"https:\/\/www.atelierpetitsplats.com\/cours-cuisine-pau\/ateliers\/","og_site_name":"Cours de Cuisine - Pau","article_modified_time":"2023-12-06T14:22:39+00:00","og_image":[{"width":2025,"height":1746,"url":"https:\/\/www.atelierpetitsplats.com\/cours-cuisine-pau\/wp-content\/uploads\/2014\/06\/DSC_2142.jpg","type":"image\/jpeg"}],"twitter_misc":{"Dur\u00e9e de lecture estim\u00e9e":"2 minutes"},"schema":{"@context":"https:\/\/schema.org","@graph":[{"@type":"WebPage","@id":"https:\/\/www.atelierpetitsplats.com\/cours-cuisine-pau\/ateliers\/","url":"https:\/\/www.atelierpetitsplats.com\/cours-cuisine-pau\/ateliers\/","name":"Ateliers - Cours de Cuisine - Pau","isPartOf":{"@id":"https:\/\/www.atelierpetitsplats.com\/cours-cuisine-pau\/#website"},"primaryImageOfPage":{"@id":"https:\/\/www.atelierpetitsplats.com\/cours-cuisine-pau\/ateliers\/#primaryimage"},"image":{"@id":"https:\/\/www.atelierpetitsplats.com\/cours-cuisine-pau\/ateliers\/#primaryimage"},"thumbnailUrl":"http:\/\/www.atelierpetitsplats.com\/cours-cuisine-pau\/wp-content\/uploads\/2014\/06\/17-03-21-Corpo-WS-DELE-20-56-49-300x200.jpg","datePublished":"2014-06-09T20:15:00+00:00","dateModified":"2023-12-06T14:22:39+00:00","breadcrumb":{"@id":"https:\/\/www.atelierpetitsplats.com\/cours-cuisine-pau\/ateliers\/#breadcrumb"},"inLanguage":"fr-FR","potentialAction":[{"@type":"ReadAction","target":["https:\/\/www.atelierpetitsplats.com\/cours-cuisine-pau\/ateliers\/"]}]},{"@type":"ImageObject","inLanguage":"fr-FR","@id":"https:\/\/www.atelierpetitsplats.com\/cours-cuisine-pau\/ateliers\/#primaryimage","url":"https:\/\/www.atelierpetitsplats.com\/cours-cuisine-pau\/wp-content\/uploads\/2014\/06\/17-03-21-Corpo-WS-DELE-20-56-49.jpg","contentUrl":"https:\/\/www.atelierpetitsplats.com\/cours-cuisine-pau\/wp-content\/uploads\/2014\/06\/17-03-21-Corpo-WS-DELE-20-56-49.jpg","width":4000,"height":2667},{"@type":"BreadcrumbList","@id":"https:\/\/www.atelierpetitsplats.com\/cours-cuisine-pau\/ateliers\/#breadcrumb","itemListElement":[{"@type":"ListItem","position":1,"name":"Accueil","item":"https:\/\/www.atelierpetitsplats.com\/cours-cuisine-pau\/"},{"@type":"ListItem","position":2,"name":"Ateliers"}]},{"@type":"WebSite","@id":"https:\/\/www.atelierpetitsplats.com\/cours-cuisine-pau\/#website","url":"https:\/\/www.atelierpetitsplats.com\/cours-cuisine-pau\/","name":"Cours de Cuisine - Pau","description":"Atelier Petits Plats, cours de cuisine \u00e0 Pau","potentialAction":[{"@type":"SearchAction","target":{"@type":"EntryPoint","urlTemplate":"https:\/\/www.atelierpetitsplats.com\/cours-cuisine-pau\/?s={search_term_string}"},"query-input":{"@type":"PropertyValueSpecification","valueRequired":true,"valueName":"search_term_string"}}],"inLanguage":"fr-FR"}]}},"_links":{"self":[{"href":"https:\/\/www.atelierpetitsplats.com\/cours-cuisine-pau\/wp-json\/wp\/v2\/pages\/66","targetHints":{"allow":["GET"]}}],"collection":[{"href":"https:\/\/www.atelierpetitsplats.com\/cours-cuisine-pau\/wp-json\/wp\/v2\/pages"}],"about":[{"href":"https:\/\/www.atelierpetitsplats.com\/cours-cuisine-pau\/wp-json\/wp\/v2\/types\/page"}],"author":[{"embeddable":true,"href":"https:\/\/www.atelierpetitsplats.com\/cours-cuisine-pau\/wp-json\/wp\/v2\/users\/12"}],"replies":[{"embeddable":true,"href":"https:\/\/www.atelierpetitsplats.com\/cours-cuisine-pau\/wp-json\/wp\/v2\/comments?post=66"}],"version-history":[{"count":164,"href":"https:\/\/www.atelierpetitsplats.com\/cours-cuisine-pau\/wp-json\/wp\/v2\/pages\/66\/revisions"}],"predecessor-version":[{"id":3503,"href":"https:\/\/www.atelierpetitsplats.com\/cours-cuisine-pau\/wp-json\/wp\/v2\/pages\/66\/revisions\/3503"}],"wp:attachment":[{"href":"https:\/\/www.atelierpetitsplats.com\/cours-cuisine-pau\/wp-json\/wp\/v2\/media?parent=66"}],"curies":[{"name":"wp","href":"https:\/\/api.w.org\/{rel}","templated":true}]}}